{"id":2051,"date":"2017-06-21T17:55:53","date_gmt":"2017-06-21T15:55:53","guid":{"rendered":"http:\/\/www.archifoto.org\/organisateur\/"},"modified":"2024-03-19T21:58:03","modified_gmt":"2024-03-19T20:58:03","slug":"veranstalter","status":"publish","type":"page","link":"http:\/\/www.archifoto.org\/de\/veranstalter\/","title":{"rendered":"Veranstalter"},"content":{"rendered":"\n<h2 class=\"wp-block-heading\">La Chambre<\/h2>\n\n\n\n<p>Im Zentrum von Stra\u00dfburg liegt La Chambre \u2014 ein Ausstellungs- und Ausbildungsraum \u2014 der die Entwicklung des Mediums Fotografie begleitet und sich f\u00fcr dessen Interaktion mit anderen k\u00fcnstlerischen Bereichen interessiert. Durch Ausstellungen innerhalb und au\u00dferhalb der R\u00e4umlichkeiten f\u00f6rdert sie franz\u00f6sische und ausl\u00e4ndische K\u00fcnstler, sowohl aufstrebende als auch etablierte.<\/p>\n\n\n\n<p>Durch die Unterst\u00fctzung personalisierter Projekte (Produktion von Werken, Verbreitung, Aufnahme in Residenzen, Auftr\u00e4ge&#8230;) tr\u00e4gt sie zur F\u00f6rderung des zeitgen\u00f6ssischen Kunstschaffens bei.<\/p>\n\n\n\n<p>Schauen, verstehen, austauschen, lernen \u2013 das ist auch die Berufung der Kurse und Workshops von La Chambre. Sie bietet Kindern und Erwachsenen, Amateuren und Profis eine Vielzahl von Veranstaltungen an, die es jedem erm\u00f6glichen, das Bild in seinem eigenen Rhythmus und nach seinen W\u00fcnschen zu entdecken.<\/p>\n\n\n\n<p>La Chambre, das ist ein starkes Engagement f\u00fcr die Fotografie und einzigartige Angebote.<\/p>\n\n\n\n<p><a href=\"http:\/\/www.la-chambre.org\">www.la-chambre.org<\/a><\/p>\n\n\n<div class=\"social-btn-list\"><ul class=\"list-inline\">\n<li><a class=\"wpspd-icon-twitter\" href=\"https:\/\/twitter.com\/lachambrephoto\" title=\"Twitter\" target=\"_blank\"><\/a><\/li>\n<li><a class=\"wpspd-icon-facebook\" href=\"https:\/\/www.facebook.com\/lachambrephoto\/\" title=\"Facebook\" target=\"_blank\"><\/a><\/li>\n<li><a class=\"wpspd-icon-instagram\" href=\"https:\/\/www.instagram.com\/lachambrephoto\/\" title=\"Instagram\" target=\"_blank\"><\/a><\/li>\n<\/ul><\/div>\n\n\n\n<figure class=\"wp-block-gallery has-nested-images columns-3 is-cropped wp-block-gallery-1 is-layout-flex wp-block-gallery-is-layout-flex\">\n<figure class=\"wp-block-image size-large\"><a href=\"http:\/\/www.archifoto.org\/wp-content\/uploads\/2017\/06\/expo-Fred-Stein_2017-\u00a9-Alex-Flores-2-e1498058614261.jpg\"><img loading=\"lazy\" decoding=\"async\" width=\"1024\" height=\"683\" data-id=\"2001\" src=\"http:\/\/www.archifoto.org\/wp-content\/uploads\/2017\/06\/expo-Fred-Stein_2017-\u00a9-Alex-Flores-2-1024x683.jpg\" alt=\"\" class=\"wp-image-2001\"\/><\/a><\/figure>\n\n\n\n<figure class=\"wp-block-image size-large\"><a href=\"http:\/\/www.archifoto.org\/wp-content\/uploads\/2017\/06\/expo-Fred-Stein_2017-\u00a9-Alex-Flores-e1498058621493.jpg\"><img loading=\"lazy\" decoding=\"async\" width=\"1024\" height=\"683\" data-id=\"2002\" src=\"http:\/\/www.archifoto.org\/wp-content\/uploads\/2017\/06\/expo-Fred-Stein_2017-\u00a9-Alex-Flores-1024x683.jpg\" alt=\"\" class=\"wp-image-2002\"\/><\/a><\/figure>\n\n\n\n<figure class=\"wp-block-image size-large\"><a href=\"http:\/\/www.archifoto.org\/wp-content\/uploads\/2017\/06\/expo-Papiers-sil-vous-plait_2016-\u00a9-Alex-Flores-e1498058658930.jpg\"><img loading=\"lazy\" decoding=\"async\" width=\"1024\" height=\"683\" data-id=\"2005\" src=\"http:\/\/www.archifoto.org\/wp-content\/uploads\/2017\/06\/expo-Papiers-sil-vous-plait_2016-\u00a9-Alex-Flores-1024x683.jpg\" alt=\"\" class=\"wp-image-2005\"\/><\/a><\/figure>\n\n\n\n<figure class=\"wp-block-image size-large\"><a href=\"http:\/\/www.archifoto.org\/wp-content\/uploads\/2017\/06\/expo-Turbulent-Transition_2016-\u00a9-Alex-Flores-2-e1498058675376.jpg\"><img loading=\"lazy\" decoding=\"async\" width=\"1024\" height=\"683\" data-id=\"2008\" src=\"http:\/\/www.archifoto.org\/wp-content\/uploads\/2017\/06\/expo-Turbulent-Transition_2016-\u00a9-Alex-Flores-2-1024x683.jpg\" alt=\"\" class=\"wp-image-2008\"\/><\/a><\/figure>\n\n\n\n<figure class=\"wp-block-image size-large\"><a href=\"http:\/\/www.archifoto.org\/wp-content\/uploads\/2017\/06\/expo-Alain-Bublex_2016-\u00a9-Alex-Flores-2-e1498058693329.jpg\"><img loading=\"lazy\" decoding=\"async\" width=\"1024\" height=\"683\" data-id=\"2011\" src=\"http:\/\/www.archifoto.org\/wp-content\/uploads\/2017\/06\/expo-Alain-Bublex_2016-\u00a9-Alex-Flores-2-1024x683.jpg\" alt=\"\" class=\"wp-image-2011\"\/><\/a><\/figure>\n\n\n\n<figure class=\"wp-block-image size-large\"><a href=\"http:\/\/www.archifoto.org\/wp-content\/uploads\/2017\/06\/expo-Alain-Bublex_2016-\u00a9-Alex-Flores-e1498058701513.jpg\"><img loading=\"lazy\" decoding=\"async\" width=\"1024\" height=\"683\" data-id=\"2012\" src=\"http:\/\/www.archifoto.org\/wp-content\/uploads\/2017\/06\/expo-Alain-Bublex_2016-\u00a9-Alex-Flores-1024x683.jpg\" alt=\"\" class=\"wp-image-2012\"\/><\/a><\/figure>\n<\/figure>\n\n\n\n<p><\/p>\n\n\n\n<p><strong>La Chambre<\/strong><br>4, place d\u2019Austerlitz<br>F-67000 Strasbourg<br>T\u00e9l. : +33 (0)3 88 36 65 38<br>Catherine Mueller, Leiterin \/\/ <a href=\"mailto:programmation@la-chambre.org\">programmation@la-chambre.org<\/a><\/p>\n\n\n\n<h2 class=\"wp-block-heading\">Das Europ\u00e4ische Architekturhaus \u2013 Oberrhein<\/h2>\n\n\n\n<p>Die erste Ausgabe der Architekturtage fand im Oktober 2000 in Stra\u00dfburg statt. Angesichts des steigenden Erfolgs wurde 2005 der gleichnamige Verein gegr\u00fcndet und unverz\u00fcglich ins franz\u00f6sische Netzwerk der Architekturh\u00e4user integriert. Im Jahr 2010 wurde der Verein offiziell zu Europ\u00e4isches Architekturhaus \u2013 Oberrhein umbenannt und unterscheidet sich seitdem namentlich von dem vom ihm organisierten Festival und bekr\u00e4ftigt gleichzeitig seine Zugeh\u00f6rigkeit zu einem nationalen Netzwerk.<br>Der Verein Europ\u00e4isches Architekturhaus \u2013 Oberrhein setzt sich zum Ziel, das Interesse des breiten Publikums f\u00fcr die Architektur zu wecken. Er strebt nach der Entstehung eines gemeinsamen Architekturraums auf beiden Seiten des Rheins, bzw. nach der Nachhaltigkeit aller franz\u00f6sischen, deutschen und Schweizer Veranstaltungen rund um diese Kunst, deren Fragestellungen, Realisationen und Akteure.<br>Das Europ\u00e4ische Architekturhaus \u2013 Oberrhein organisiert jeden Herbst die auf beiden Seiten des Rheins bekannten und beliebten Architekturtage. Diese haben als Hauptziel die Sensibilisierung eines breiten Publikums f\u00fcr Architektur und entsprechen bieten \u00fcber 200 Veranstaltungen im Elsass, in Baden-W\u00fcrttemberg und in Basel unter einem j\u00e4hrlich &nbsp;wechselnden Motto.<\/p>\n\n\n\n<p><a href=\"www.m-ea.eu\">www.m-ea.eu<\/a><\/p>\n\n\n<div class=\"social-btn-list\"><ul class=\"list-inline\">\n<li><a class=\"wpspd-icon-twitter\" href=\"https:\/\/twitter.com\/MEA_rhinsup\" title=\"Twitter\" target=\"_blank\"><\/a><\/li>\n<li><a class=\"wpspd-icon-facebook\" href=\"https:\/\/www.facebook.com\/MEAEA\/\" title=\"Facebook\" target=\"_blank\"><\/a><\/li>\n<\/ul><\/div>\n\n\n\n<figure class=\"wp-block-gallery has-nested-images columns-3 is-cropped wp-block-gallery-2 is-layout-flex wp-block-gallery-is-layout-flex\">\n<figure class=\"wp-block-image size-large\"><a href=\"http:\/\/www.archifoto.org\/wp-content\/uploads\/2017\/06\/Basel-Mittagsf\u00fchrung-3-e1498058798708.jpeg\"><img loading=\"lazy\" decoding=\"async\" width=\"1024\" height=\"683\" data-id=\"2024\" src=\"http:\/\/www.archifoto.org\/wp-content\/uploads\/2017\/06\/Basel-Mittagsf\u00fchrung-3-1024x683.jpeg\" alt=\"\" class=\"wp-image-2024\"\/><\/a><\/figure>\n\n\n\n<figure class=\"wp-block-image size-large\"><a href=\"http:\/\/www.archifoto.org\/wp-content\/uploads\/2017\/06\/DSC_2701-e1498058711974.jpg\"><img loading=\"lazy\" decoding=\"async\" width=\"1024\" height=\"682\" data-id=\"2013\" src=\"http:\/\/www.archifoto.org\/wp-content\/uploads\/2017\/06\/DSC_2701-1024x682.jpg\" alt=\"\" class=\"wp-image-2013\"\/><\/a><\/figure>\n\n\n\n<figure class=\"wp-block-image size-large\"><a href=\"http:\/\/www.archifoto.org\/wp-content\/uploads\/2017\/06\/Strasbourg-Er\u00f6ffnung-4-e1498058775504.jpg\"><img loading=\"lazy\" decoding=\"async\" width=\"1024\" height=\"681\" data-id=\"2021\" src=\"http:\/\/www.archifoto.org\/wp-content\/uploads\/2017\/06\/Strasbourg-Er\u00f6ffnung-4-1024x681.jpg\" alt=\"\" class=\"wp-image-2021\"\/><\/a><\/figure>\n\n\n\n<figure class=\"wp-block-image size-large\"><a href=\"http:\/\/www.archifoto.org\/wp-content\/uploads\/2017\/06\/JA-2016_-439-e1498058743652.jpg\"><img loading=\"lazy\" decoding=\"async\" width=\"1024\" height=\"683\" data-id=\"2017\" src=\"http:\/\/www.archifoto.org\/wp-content\/uploads\/2017\/06\/JA-2016_-439-1024x683.jpg\" alt=\"\" class=\"wp-image-2017\"\/><\/a><\/figure>\n\n\n\n<figure class=\"wp-block-image size-large\"><a href=\"http:\/\/www.archifoto.org\/wp-content\/uploads\/2017\/06\/DSC_4490-e1498058725596.jpg\"><img loading=\"lazy\" decoding=\"async\" width=\"1024\" height=\"682\" data-id=\"2015\" src=\"http:\/\/www.archifoto.org\/wp-content\/uploads\/2017\/06\/DSC_4490-1024x682.jpg\" alt=\"\" class=\"wp-image-2015\"\/><\/a><\/figure>\n\n\n\n<figure class=\"wp-block-image size-large\"><a href=\"http:\/\/www.archifoto.org\/wp-content\/uploads\/2017\/06\/DSC_4014-e1498058718258.jpg\"><img loading=\"lazy\" decoding=\"async\" width=\"1024\" height=\"682\" data-id=\"2014\" src=\"http:\/\/www.archifoto.org\/wp-content\/uploads\/2017\/06\/DSC_4014-1024x682.jpg\" alt=\"\" class=\"wp-image-2014\"\/><\/a><\/figure>\n<\/figure>\n\n\n\n<p><\/p>\n\n\n\n<p><strong>MEurop\u00e4isches Architekturhaus &#8211; Oberrhein <\/strong><br>5, rue Hannong<br>F-67000 Strasbourg<br>T\u00e9l. : +33 (0)3 88 22 56 70<br>Nathalie Charvet, Leiterin und Koordinatorin \/\/&nbsp;<a href=\"mailto:nathalie.charvet@m-ea.eu\">nathalie.charvet@m-ea.eu<\/a><br>&nbsp;<\/p>\n","protected":false},"excerpt":{"rendered":"<p>La Chambre Im Zentrum von Stra\u00dfburg liegt La Chambre \u2014 ein Ausstellungs- und Ausbildungsraum \u2014 der die Entwicklung des Mediums Fotografie begleitet und sich f\u00fcr dessen Interaktion mit anderen k\u00fcnstlerischen Bereichen interessiert. Durch Ausstellungen innerhalb und au\u00dferhalb der R\u00e4umlichkeiten f\u00f6rdert sie franz\u00f6sische und ausl\u00e4ndische K\u00fcnstler, &hellip;<\/p>\n","protected":false},"author":3,"featured_media":0,"parent":0,"menu_order":0,"comment_status":"closed","ping_status":"closed","template":"","meta":{"footnotes":""},"class_list":["post-2051","page","type-page","status-publish","hentry"],"_links":{"self":[{"href":"http:\/\/www.archifoto.org\/de\/wp-json\/wp\/v2\/pages\/2051","targetHints":{"allow":["GET"]}}],"collection":[{"href":"http:\/\/www.archifoto.org\/de\/wp-json\/wp\/v2\/pages"}],"about":[{"href":"http:\/\/www.archifoto.org\/de\/wp-json\/wp\/v2\/types\/page"}],"author":[{"embeddable":true,"href":"http:\/\/www.archifoto.org\/de\/wp-json\/wp\/v2\/users\/3"}],"replies":[{"embeddable":true,"href":"http:\/\/www.archifoto.org\/de\/wp-json\/wp\/v2\/comments?post=2051"}],"version-history":[{"count":5,"href":"http:\/\/www.archifoto.org\/de\/wp-json\/wp\/v2\/pages\/2051\/revisions"}],"predecessor-version":[{"id":3075,"href":"http:\/\/www.archifoto.org\/de\/wp-json\/wp\/v2\/pages\/2051\/revisions\/3075"}],"wp:attachment":[{"href":"http:\/\/www.archifoto.org\/de\/wp-json\/wp\/v2\/media?parent=2051"}],"curies":[{"name":"wp","href":"https:\/\/api.w.org\/{rel}","templated":true}]}}