{"id":2083,"date":"2017-06-22T15:24:31","date_gmt":"2017-06-22T13:24:31","guid":{"rendered":"http:\/\/www.archifoto.org\/?page_id=2083\/"},"modified":"2024-03-21T19:35:30","modified_gmt":"2024-03-21T18:35:30","slug":"bewerben","status":"publish","type":"page","link":"http:\/\/www.archifoto.org\/de\/bewerben\/","title":{"rendered":"Sich bewerben"},"content":{"rendered":"<h1>Sich bewerben<\/h1>\n<p><a href=\"http:\/\/www.archifoto.org\/wp-content\/uploads\/2024\/03\/Reglement-2024-DE.pdf\" target=\"_blank\" rel=\"noopener\">Laden Sie die Regeln herunter<\/a><\/p>\n\n<div class=\"wpcf7 no-js\" id=\"wpcf7-f2218-o1\" lang=\"en-US\" dir=\"ltr\">\n<div class=\"screen-reader-response\"><p role=\"status\" aria-live=\"polite\" aria-atomic=\"true\"><\/p> <ul><\/ul><\/div>\n<form action=\"\/de\/wp-json\/wp\/v2\/pages\/2083#wpcf7-f2218-o1\" method=\"post\" class=\"wpcf7-form init\" aria-label=\"Contact form\" novalidate=\"novalidate\" data-status=\"init\">\n<div style=\"display: none;\">\n<input type=\"hidden\" name=\"_wpcf7\" value=\"2218\" \/>\n<input type=\"hidden\" name=\"_wpcf7_version\" value=\"5.9.2\" \/>\n<input type=\"hidden\" name=\"_wpcf7_locale\" value=\"en_US\" \/>\n<input type=\"hidden\" name=\"_wpcf7_unit_tag\" value=\"wpcf7-f2218-o1\" \/>\n<input type=\"hidden\" name=\"_wpcf7_container_post\" value=\"0\" \/>\n<input type=\"hidden\" name=\"_wpcf7_posted_data_hash\" value=\"\" \/>\n<\/div>\n<h3>Pers\u00f6nliche Informationen\n<\/h3>\n<div class=\"candidature_field\">\n\t<p><label>Name <\/label><span class=\"wpcf7-form-control-wrap\" data-name=\"your-lastname\"><input size=\"40\" class=\"wpcf7-form-control form-control wpcf7-text wpcf7-validates-as-required\" aria-required=\"true\" aria-invalid=\"false\" value=\"\" type=\"text\" name=\"your-lastname\" \/><\/span>\n\t<\/p>\n\t<p><label>Vorname <\/label><span class=\"wpcf7-form-control-wrap\" data-name=\"your-firstname\"><input size=\"40\" class=\"wpcf7-form-control form-control wpcf7-text wpcf7-validates-as-required\" aria-required=\"true\" aria-invalid=\"false\" value=\"\" type=\"text\" name=\"your-firstname\" \/><\/span>\n\t<\/p>\n\t<p><label>Geburtsdatum <\/label><span class=\"wpcf7-form-control-wrap\" data-name=\"your-birthday\"><input size=\"40\" class=\"wpcf7-form-control form-control wpcf7-text wpcf7-validates-as-required\" aria-required=\"true\" aria-invalid=\"false\" value=\"\" type=\"text\" name=\"your-birthday\" \/><\/span>\n\t<\/p>\n\t<p><label>Geburtsort <\/label><span class=\"wpcf7-form-control-wrap\" data-name=\"your-place\"><input size=\"40\" class=\"wpcf7-form-control form-control wpcf7-text wpcf7-validates-as-required\" aria-required=\"true\" aria-invalid=\"false\" value=\"\" type=\"text\" name=\"your-place\" \/><\/span>\n\t<\/p>\n\t<p><label>Adresse <\/label><span class=\"wpcf7-form-control-wrap\" data-name=\"your-street\"><input size=\"40\" class=\"wpcf7-form-control form-control wpcf7-text wpcf7-validates-as-required\" aria-required=\"true\" aria-invalid=\"false\" value=\"\" type=\"text\" name=\"your-street\" \/><\/span>\n\t<\/p>\n\t<p><label>Postleitzahl <\/label><span class=\"wpcf7-form-control-wrap\" data-name=\"your-zipcode\"><input size=\"40\" class=\"wpcf7-form-control form-control wpcf7-text wpcf7-validates-as-required\" aria-required=\"true\" aria-invalid=\"false\" value=\"\" type=\"text\" name=\"your-zipcode\" \/><\/span>\n\t<\/p>\n\t<p><label>Stadt <\/label><span class=\"wpcf7-form-control-wrap\" data-name=\"your-city\"><input size=\"40\" class=\"wpcf7-form-control form-control wpcf7-text wpcf7-validates-as-required\" aria-required=\"true\" aria-invalid=\"false\" value=\"\" type=\"text\" name=\"your-city\" \/><\/span>\n\t<\/p>\n\t<p><label>Land <\/label><span class=\"wpcf7-form-control-wrap\" data-name=\"your-country\"><input size=\"40\" class=\"wpcf7-form-control form-control wpcf7-text wpcf7-validates-as-required\" aria-required=\"true\" aria-invalid=\"false\" value=\"\" type=\"text\" name=\"your-country\" \/><\/span>\n\t<\/p>\n\t<p><label>E-Mail <\/label><span class=\"wpcf7-form-control-wrap\" data-name=\"your-email\"><input size=\"40\" class=\"wpcf7-form-control form-control wpcf7-email wpcf7-validates-as-required wpcf7-text wpcf7-validates-as-email\" aria-required=\"true\" aria-invalid=\"false\" value=\"\" type=\"email\" name=\"your-email\" \/><\/span>\n\t<\/p>\n\t<p><label>Telefonnummer <\/label><span class=\"wpcf7-form-control-wrap\" data-name=\"your-tel\"><input size=\"40\" class=\"wpcf7-form-control form-control wpcf7-tel wpcf7-validates-as-required wpcf7-text wpcf7-validates-as-tel\" aria-required=\"true\" aria-invalid=\"false\" value=\"\" type=\"tel\" name=\"your-tel\" \/><\/span>\n\t<\/p>\n<\/div>\n<h3 class=\"h3_info\">Hochladen der Bilder <span><img loading=\"lazy\" decoding=\"async\" src=\"\/wp-content\/uploads\/2017\/07\/info.png\" width=\"16\" height=\"16\" alt=\"\" \/> Brauchen Hilfe ?<\/span>\n<\/h3>\n<p><label>WeTransfer-Link f\u00fcr Ihre <strong>5 Bilder<\/strong> (Mindestma\u00df 13x18cm, 300 DPI, JPEG Format, Maximalgr\u00f6\u00dfe <strong>4Mo<\/strong> pro Bild)<\/label><br \/>\n<span class=\"wpcf7-form-control-wrap\" data-name=\"wetransfer\"><input size=\"40\" class=\"wpcf7-form-control form-control wpcf7-url wpcf7-validates-as-required wpcf7-text wpcf7-validates-as-url\" aria-required=\"true\" aria-invalid=\"false\" value=\"\" type=\"url\" name=\"wetransfer\" \/><\/span>\n<\/p>\n<div class=\"we-transfer-upload\">\n\t<h3>Wie schicke ich meine Bilder ?\n\t<\/h3>\n\t<p>Um Sie sich anzumelden, mussen Sie einen gultigen WeTransfer-Link senden : 5 Bilder, Maximalgr\u00f6\u00dfe <strong>4Mo<\/strong> pro Bild\n\t<\/p>\n\t<p><strong>WeTransfer-Beispiel :<\/strong>\n\t<\/p>\n\t<div class=\"wt-upload-example\">\n\t\t<p><img decoding=\"async\" src=\"\/wp-content\/uploads\/2017\/07\/wt.png\" alt=\"\" \/>\n\t\t<\/p>\n\t\t<ul>\n\t\t\t<li>\n\t\t\t\t<p>1. Uploaden Sie die Bilder auf <a href=\"https:\/\/wetransfer.com\/\" target=\"_blank\">www.wetransfer.com<\/a>\n\t\t\t\t<\/p>\n\t\t\t<\/li>\n\t\t\t<li>\n\t\t\t\t<p>2. W\u00e4hlen Sie das \u00ab Link \u00bb Format, dann best\u00e4tigen\n\t\t\t\t<\/p>\n\t\t\t<\/li>\n\t\t\t<li>\n\t\t\t\t<p>3. Wenn das Upload fertig ist, drucken-kopieren Sie das <a href=\"https:\/\/wetransfer.com\/\" target=\"_blank\">Link<\/a> im Feld oben\n\t\t\t\t<\/p>\n\t\t\t<\/li>\n\t\t<\/ul>\n\t<\/div>\n<\/div>\n<p><label> Begleittext maximal 1000 Zeichen.<\/label><br \/>\n<span class=\"wpcf7-form-control-wrap\" data-name=\"your-text\"><textarea cols=\"40\" rows=\"10\" maxlength=\"1000\" class=\"wpcf7-form-control form-control wpcf7-textarea wpcf7-validates-as-required\" aria-required=\"true\" aria-invalid=\"false\" name=\"your-text\"><\/textarea><\/span>\n<\/p>\n<h3>Einzahlung\n<\/h3>\n<p>Die Teilnahmegeb\u00fchr ist von 10 \u20ac.\n<\/p>\n<p>ACHTUNG Der Kandidat kann nicht auf seine Entscheidung am Wettbewerb teilzunehmen widerrufen nachdem er seine Anmeldung bezahlt hat und die Best\u00e4tigungsemail bekommen hat.<br \/>\nFalls ein technisches Problem vorkommen sollte oder falls Sie Fragen haben, k\u00f6nnen Sie mit den Veranstaltern Kontakt aufnehmen per E-Mail <a href=\"programmation@la-chambre.org\"> programmation@la-chambre.org<\/a> oder telefonisch <a href=\"tel:+33388366538\">+33 (0)3 88 36 65 38<\/a>.\n<\/p>\n<p><label><br \/>\nName des PayPal-Kontos, falls dieser vom Namen des Kandidaten abweicht (optional)<br \/>\n<\/label><span class=\"wpcf7-form-control-wrap\" data-name=\"your-paypal-name-de\"><input size=\"40\" class=\"wpcf7-form-control form-control wpcf7-text\" aria-invalid=\"false\" value=\"\" type=\"text\" name=\"your-paypal-name-de\" \/><\/span>\n<\/p>\n<p>Durch Ihre Einschreibung best\u00e4tigen Sie, die Wettbewerbsvorschriften zur Kenntnis genommen zu haben.\n<\/p>\n<p><input class=\"wpcf7-form-control wpcf7-submit btn btn-xs has-spinner\" type=\"submit\" value=\"Senden und Zahlung t\u00e4tigen\" \/>\n<\/p><div class=\"wpcf7-response-output\" aria-hidden=\"true\"><\/div>\n<\/form>\n<\/div>\n\n","protected":false},"excerpt":{"rendered":"<p>Sich bewerben Laden Sie die Regeln herunter<\/p>\n","protected":false},"author":3,"featured_media":0,"parent":0,"menu_order":0,"comment_status":"closed","ping_status":"closed","template":"","meta":{"footnotes":""},"class_list":["post-2083","page","type-page","status-publish","hentry"],"_links":{"self":[{"href":"http:\/\/www.archifoto.org\/de\/wp-json\/wp\/v2\/pages\/2083","targetHints":{"allow":["GET"]}}],"collection":[{"href":"http:\/\/www.archifoto.org\/de\/wp-json\/wp\/v2\/pages"}],"about":[{"href":"http:\/\/www.archifoto.org\/de\/wp-json\/wp\/v2\/types\/page"}],"author":[{"embeddable":true,"href":"http:\/\/www.archifoto.org\/de\/wp-json\/wp\/v2\/users\/3"}],"replies":[{"embeddable":true,"href":"http:\/\/www.archifoto.org\/de\/wp-json\/wp\/v2\/comments?post=2083"}],"version-history":[{"count":5,"href":"http:\/\/www.archifoto.org\/de\/wp-json\/wp\/v2\/pages\/2083\/revisions"}],"predecessor-version":[{"id":3113,"href":"http:\/\/www.archifoto.org\/de\/wp-json\/wp\/v2\/pages\/2083\/revisions\/3113"}],"wp:attachment":[{"href":"http:\/\/www.archifoto.org\/de\/wp-json\/wp\/v2\/media?parent=2083"}],"curies":[{"name":"wp","href":"https:\/\/api.w.org\/{rel}","templated":true}]}}