{"id":2964,"date":"2022-08-01T11:05:07","date_gmt":"2022-08-01T09:05:07","guid":{"rendered":"http:\/\/www.archifoto.org\/laureaten\/laureats-2022\/"},"modified":"2022-08-04T10:18:40","modified_gmt":"2022-08-04T08:18:40","slug":"laureats-2022","status":"publish","type":"page","link":"http:\/\/www.archifoto.org\/de\/laureaten\/laureats-2022\/","title":{"rendered":"Laur\u00e9ats 2022"},"content":{"rendered":"<p><strong>Die Gewinner der Ausgabe 2022 wurden ermittelt. Vielen Dank an die 129 Kandidaten f\u00fcr ihre Teilnahme!<br \/>\nDie Jury, die am 18. Juli zusammentrat, setzte sich zusammen aus <\/strong><br \/>\n&nbsp;<br \/>\n&#8211; Alain Willaume, Fotograf &#8211; Vorsitzender der Jury<br \/>\n&#8211; Danielle Martin, Generalsekret\u00e4rin der EAH (Europ\u00e4isches Architekturhaus &#8211; Oberrhein)<br \/>\n&#8211; Guillaume Christmann, Architekt<br \/>\n&#8211; Christophe Quilichini, stellvertretender Regionaldirektor Ost, Demathieu Bard construction. Das Unternehmen sponsert den Prix Archifoto Demathieu-Bard construction 2022.<br \/>\n&#8211; Catherine Merckling, Co-Direktorin von La Chambre.<br \/>\n&nbsp;<\/p>\n<h4><strong>DAS THEMA F\u00dcR 2022<br \/>\n<\/strong><strong>ARCHITEKTUR UND RESSOURCEN<br \/>\n<\/strong><\/h4>\n<p>Alnis Stakle : Neither horse nor tiger &#8211; Urbane Transformation in chinesischen Metropolen<br \/>\n<img loading=\"lazy\" decoding=\"async\" class=\"alignnone size-full wp-image-2756\" src=\"http:\/\/www.archifoto.org\/wp-content\/uploads\/2022\/08\/Alnis-Stakle-web.jpeg\" alt=\"\" width=\"2835\" height=\"2263\" \/><\/p>\n<p>&nbsp;<\/p>\n<div class=\"row wpspd-columns wpspd-equal-columns wpspd-columns-v-center\">\n<div class=\"col-md-4\">\n<\/div><div class=\"col-md-8\">\n<h3>Als Antwort auf das Thema 2022 &#8220;Architektur und Ressourcen, wurden 5 Kandidaten f\u00fcr die Ausstellung ausgew\u00e4hlt:<\/h3>\n<p><strong><br \/>\nAlnis Stakle (Latvia) &#8211; Archifoto Prize 2022 Demathieu-Bard construction<br \/>\nS\u00e9bastien Wasseler  (Frankreich)<br \/>\nAljohara Jeje (Griechenland)<br \/>\nMarkel Redondo (Frankreich\/Spanien)<br \/>\nMarco Zanta (Italien).<br \/>\n<\/strong><\/p>\n<p>&nbsp;<\/p>\n<p>S\u00e9bastien Wasseler : Centrales &#8211; K\u00fchlt\u00fcrme von Kohlekraftwerken<br \/>\n<img loading=\"lazy\" decoding=\"async\" class=\"alignnone size-full wp-image-2768\" src=\"http:\/\/www.archifoto.org\/wp-content\/uploads\/2022\/08\/Romaric-Andreosso.jpeg\" alt=\"\" width=\"4429\" height=\"2953\" \/><\/p>\n<p>Aljohara Jeje : A room with a seaview &#8211; Salzsammler in Saudi-Arabien<br \/>\n<img loading=\"lazy\" decoding=\"async\" class=\"alignnone size-full wp-image-2768\" src=\"http:\/\/www.archifoto.org\/wp-content\/uploads\/2022\/08\/Aljohara-Jeje.jpeg\" alt=\"\" width=\"4429\" height=\"2953\" \/><\/p>\n<p>Markel Redondo : Sand castles &#8211; aufgegebene Immobilienprojekte in Spanien<br \/>\n<img loading=\"lazy\" decoding=\"async\" class=\"alignnone size-full wp-image-2768\" src=\"http:\/\/www.archifoto.org\/wp-content\/uploads\/2022\/08\/Markel-Redondo.jpeg\" alt=\"\" width=\"4429\" height=\"2953\" \/><\/p>\n<p>Marco Zanta : Cava Arcari &#8211; ehemaliger Marmorsteinbruch in Italien, der zu einem Ort der Begegnung und Kultur umgebaut wurde<br \/>\n<img loading=\"lazy\" decoding=\"async\" class=\"alignnone size-full wp-image-2768\" src=\"http:\/\/www.archifoto.org\/wp-content\/uploads\/2022\/08\/Marco-Zanta.jpeg\" alt=\"\" width=\"4429\" height=\"2953\" \/><\/p>\n<\/div>\n<\/div>\n<div class=\"row wpspd-columns wpspd-equal-columns wpspd-columns-v-center\">\n<div class=\"col-md-4\"><\/div>\n<div class=\"col-md-8\">\n<p>&nbsp;<\/p>\n<\/div>\n<\/div>\n<div class=\"row wpspd-columns wpspd-equal-columns wpspd-columns-v-center\">\n<div class=\"col-md-4\"><\/div>\n<div class=\"col-md-8\">\n<h3>Die Mentionen 2022<\/h3>\n<p>Dar\u00fcber hinaus w\u00e4hlte die Jury die Arbeiten von 10 Kandidaten aus, die in Form einer Diashow innerhalb der Ausstellung gezeigt werden sollten: <strong><br \/>\nGeorges A. Bertrand, Dominique Clerc, Sebastian Forkarth, Roger Frei, Elli Lorz, Onnis Luque, Martin Migeon, Tiphaine Populu de La Forge, Brigitte Sombi\u00e9, Lorraine Turci<br \/>\n<\/strong>Die Ausstellung wird vom 22.09. bis 13.11.2022 im La Chambre in Stra\u00dfburg im Rahmen der von der MEA organisierten <a href=\"https:\/\/www.m-ea.eu\/de\/die-architekturtage-2022\/\" rel=\"noopener\" target=\"_blank\">Architekturtage<\/a> gezeigt. Die Ausstellung wird anschlie\u00dfend an verschiedenen Partnerorten gezeigt.<br \/>\nWir sehen uns bei der Vernissage am 22.09. um 18 Uhr!<\/p>\n<\/div>\n<\/div>\n<p>&nbsp;<\/p>\n<div class=\"row wpspd-columns wpspd-equal-columns wpspd-columns-v-center\">\n<div class=\"col-md-4\"><\/div>\n<div class=\"col-md-8\">\n<\/div>\n<\/div>\n<p>&nbsp;<\/p>\n","protected":false},"excerpt":{"rendered":"<p>Die Gewinner der Ausgabe 2022 wurden ermittelt. Vielen Dank an die 129 Kandidaten f\u00fcr ihre Teilnahme! Die Jury, die am 18. Juli zusammentrat, setzte sich zusammen aus &nbsp; &#8211; Alain Willaume, Fotograf &#8211; Vorsitzender der Jury &#8211; Danielle Martin, Generalsekret\u00e4rin der EAH (Europ\u00e4isches Architekturhaus &#8211; &hellip;<\/p>\n","protected":false},"author":3,"featured_media":0,"parent":2106,"menu_order":0,"comment_status":"closed","ping_status":"closed","template":"","meta":{"footnotes":""},"class_list":["post-2964","page","type-page","status-publish","hentry"],"_links":{"self":[{"href":"http:\/\/www.archifoto.org\/de\/wp-json\/wp\/v2\/pages\/2964","targetHints":{"allow":["GET"]}}],"collection":[{"href":"http:\/\/www.archifoto.org\/de\/wp-json\/wp\/v2\/pages"}],"about":[{"href":"http:\/\/www.archifoto.org\/de\/wp-json\/wp\/v2\/types\/page"}],"author":[{"embeddable":true,"href":"http:\/\/www.archifoto.org\/de\/wp-json\/wp\/v2\/users\/3"}],"replies":[{"embeddable":true,"href":"http:\/\/www.archifoto.org\/de\/wp-json\/wp\/v2\/comments?post=2964"}],"version-history":[{"count":5,"href":"http:\/\/www.archifoto.org\/de\/wp-json\/wp\/v2\/pages\/2964\/revisions"}],"predecessor-version":[{"id":2973,"href":"http:\/\/www.archifoto.org\/de\/wp-json\/wp\/v2\/pages\/2964\/revisions\/2973"}],"up":[{"embeddable":true,"href":"http:\/\/www.archifoto.org\/de\/wp-json\/wp\/v2\/pages\/2106"}],"wp:attachment":[{"href":"http:\/\/www.archifoto.org\/de\/wp-json\/wp\/v2\/media?parent=2964"}],"curies":[{"name":"wp","href":"https:\/\/api.w.org\/{rel}","templated":true}]}}